{"id":542,"date":"2016-10-28T12:49:12","date_gmt":"2016-10-28T12:49:12","guid":{"rendered":"http:\/\/projekti.euroart93.hr\/nochta-wp\/en\/produkcija\/"},"modified":"2024-06-11T13:50:12","modified_gmt":"2024-06-11T12:50:12","slug":"production","status":"publish","type":"page","link":"https:\/\/nochta-saxcompetition.com\/en\/production\/","title":{"rendered":"PRODUCTION"},"content":{"rendered":"<p><strong>Artistic Director of the Competition<\/strong><\/p>\n<p>Dragan Sremec<\/p>\n<p><strong>Production Office<br \/>\n<\/strong><\/p>\n<p>Gabriela Parad\u017eik<\/p>\n<p>Vesna Ro\u017ei\u0107<\/p>\n<p>Ida Szekeres<\/p>\n<p>Matija Jerkovi\u0107<\/p>\n<p>Georg Drau\u0161nik<\/p>\n<p>Lora Bre\u0161ki<\/p>\n<p>Magda Gali\u0107<\/p>\n<p>Joel-Timothy \u0160pi\u010dak<\/p>\n","protected":false},"excerpt":{"rendered":"<p>Artistic Director of the Competition Dragan Sremec Production Office Gabriela Parad\u017eik Vesna Ro\u017ei\u0107 Ida Szekeres Matija Jerkovi\u0107 Georg Drau\u0161nik Lora Bre\u0161ki Magda Gali\u0107 Joel-Timothy \u0160pi\u010dak<\/p>\n","protected":false},"author":1,"featured_media":0,"parent":0,"menu_order":36,"comment_status":"closed","ping_status":"closed","template":"tpl-about.php","meta":{"footnotes":""},"acf":[],"yoast_head":"<!-- This site is optimized with the Yoast SEO plugin v21.5 - https:\/\/yoast.com\/wordpress\/plugins\/seo\/ -->\n<title>PRODUCTION - Nochta Sax<\/title>\n<meta name=\"robots\" content=\"index, follow, max-snippet:-1, max-image-preview:large, max-video-preview:-1\" \/>\n<link rel=\"canonical\" href=\"https:\/\/nochta-saxcompetition.com\/en\/production\/\" \/>\n<meta property=\"og:locale\" content=\"en_US\" \/>\n<meta property=\"og:type\" content=\"article\" \/>\n<meta property=\"og:title\" content=\"PRODUCTION - Nochta Sax\" \/>\n<meta property=\"og:description\" content=\"Artistic Director of the Competition Dragan Sremec Production Office Gabriela Parad\u017eik Vesna Ro\u017ei\u0107 Ida Szekeres Matija Jerkovi\u0107 Georg Drau\u0161nik Lora Bre\u0161ki Magda Gali\u0107 Joel-Timothy \u0160pi\u010dak\" \/>\n<meta property=\"og:url\" content=\"https:\/\/nochta-saxcompetition.com\/en\/production\/\" \/>\n<meta property=\"og:site_name\" content=\"Nochta Sax\" \/>\n<meta property=\"article:modified_time\" content=\"2024-06-11T12:50:12+00:00\" \/>\n<meta name=\"twitter:card\" content=\"summary_large_image\" \/>\n<meta name=\"twitter:label1\" content=\"Est. reading time\" \/>\n\t<meta name=\"twitter:data1\" content=\"1 minute\" \/>\n<script type=\"application\/ld+json\" class=\"yoast-schema-graph\">{\"@context\":\"https:\/\/schema.org\",\"@graph\":[{\"@type\":\"WebPage\",\"@id\":\"https:\/\/nochta-saxcompetition.com\/en\/production\/\",\"url\":\"https:\/\/nochta-saxcompetition.com\/en\/production\/\",\"name\":\"PRODUCTION - Nochta Sax\",\"isPartOf\":{\"@id\":\"https:\/\/nochta-saxcompetition.com\/en\/#website\"},\"datePublished\":\"2016-10-28T12:49:12+00:00\",\"dateModified\":\"2024-06-11T12:50:12+00:00\",\"breadcrumb\":{\"@id\":\"https:\/\/nochta-saxcompetition.com\/en\/production\/#breadcrumb\"},\"inLanguage\":\"en-US\",\"potentialAction\":[{\"@type\":\"ReadAction\",\"target\":[\"https:\/\/nochta-saxcompetition.com\/en\/production\/\"]}]},{\"@type\":\"BreadcrumbList\",\"@id\":\"https:\/\/nochta-saxcompetition.com\/en\/production\/#breadcrumb\",\"itemListElement\":[{\"@type\":\"ListItem\",\"position\":1,\"name\":\"Home\",\"item\":\"https:\/\/nochta-saxcompetition.com\/en\/\"},{\"@type\":\"ListItem\",\"position\":2,\"name\":\"PRODUCTION\"}]},{\"@type\":\"WebSite\",\"@id\":\"https:\/\/nochta-saxcompetition.com\/en\/#website\",\"url\":\"https:\/\/nochta-saxcompetition.com\/en\/\",\"name\":\"Nochta Sax\",\"description\":\"4. me\u0111unarodno saksofonisti\u010dko natjecanje Josip Nochta\",\"potentialAction\":[{\"@type\":\"SearchAction\",\"target\":{\"@type\":\"EntryPoint\",\"urlTemplate\":\"https:\/\/nochta-saxcompetition.com\/en\/?s={search_term_string}\"},\"query-input\":\"required name=search_term_string\"}],\"inLanguage\":\"en-US\"}]}<\/script>\n<!-- \/ Yoast SEO plugin. -->","yoast_head_json":{"title":"PRODUCTION - Nochta Sax","robots":{"index":"index","follow":"follow","max-snippet":"max-snippet:-1","max-image-preview":"max-image-preview:large","max-video-preview":"max-video-preview:-1"},"canonical":"https:\/\/nochta-saxcompetition.com\/en\/production\/","og_locale":"en_US","og_type":"article","og_title":"PRODUCTION - Nochta Sax","og_description":"Artistic Director of the Competition Dragan Sremec Production Office Gabriela Parad\u017eik Vesna Ro\u017ei\u0107 Ida Szekeres Matija Jerkovi\u0107 Georg Drau\u0161nik Lora Bre\u0161ki Magda Gali\u0107 Joel-Timothy \u0160pi\u010dak","og_url":"https:\/\/nochta-saxcompetition.com\/en\/production\/","og_site_name":"Nochta Sax","article_modified_time":"2024-06-11T12:50:12+00:00","twitter_card":"summary_large_image","twitter_misc":{"Est. reading time":"1 minute"},"schema":{"@context":"https:\/\/schema.org","@graph":[{"@type":"WebPage","@id":"https:\/\/nochta-saxcompetition.com\/en\/production\/","url":"https:\/\/nochta-saxcompetition.com\/en\/production\/","name":"PRODUCTION - Nochta Sax","isPartOf":{"@id":"https:\/\/nochta-saxcompetition.com\/en\/#website"},"datePublished":"2016-10-28T12:49:12+00:00","dateModified":"2024-06-11T12:50:12+00:00","breadcrumb":{"@id":"https:\/\/nochta-saxcompetition.com\/en\/production\/#breadcrumb"},"inLanguage":"en-US","potentialAction":[{"@type":"ReadAction","target":["https:\/\/nochta-saxcompetition.com\/en\/production\/"]}]},{"@type":"BreadcrumbList","@id":"https:\/\/nochta-saxcompetition.com\/en\/production\/#breadcrumb","itemListElement":[{"@type":"ListItem","position":1,"name":"Home","item":"https:\/\/nochta-saxcompetition.com\/en\/"},{"@type":"ListItem","position":2,"name":"PRODUCTION"}]},{"@type":"WebSite","@id":"https:\/\/nochta-saxcompetition.com\/en\/#website","url":"https:\/\/nochta-saxcompetition.com\/en\/","name":"Nochta Sax","description":"4. me\u0111unarodno saksofonisti\u010dko natjecanje Josip Nochta","potentialAction":[{"@type":"SearchAction","target":{"@type":"EntryPoint","urlTemplate":"https:\/\/nochta-saxcompetition.com\/en\/?s={search_term_string}"},"query-input":"required name=search_term_string"}],"inLanguage":"en-US"}]}},"_links":{"self":[{"href":"https:\/\/nochta-saxcompetition.com\/en\/wp-json\/wp\/v2\/pages\/542"}],"collection":[{"href":"https:\/\/nochta-saxcompetition.com\/en\/wp-json\/wp\/v2\/pages"}],"about":[{"href":"https:\/\/nochta-saxcompetition.com\/en\/wp-json\/wp\/v2\/types\/page"}],"author":[{"embeddable":true,"href":"https:\/\/nochta-saxcompetition.com\/en\/wp-json\/wp\/v2\/users\/1"}],"replies":[{"embeddable":true,"href":"https:\/\/nochta-saxcompetition.com\/en\/wp-json\/wp\/v2\/comments?post=542"}],"version-history":[{"count":13,"href":"https:\/\/nochta-saxcompetition.com\/en\/wp-json\/wp\/v2\/pages\/542\/revisions"}],"predecessor-version":[{"id":3473,"href":"https:\/\/nochta-saxcompetition.com\/en\/wp-json\/wp\/v2\/pages\/542\/revisions\/3473"}],"wp:attachment":[{"href":"https:\/\/nochta-saxcompetition.com\/en\/wp-json\/wp\/v2\/media?parent=542"}],"curies":[{"name":"wp","href":"https:\/\/api.w.org\/{rel}","templated":true}]}}