{"id":357,"date":"2016-10-11T18:41:48","date_gmt":"2016-10-11T18:41:48","guid":{"rendered":"http:\/\/projekti.euroart93.hr\/nochta-wp\/en\/program\/"},"modified":"2024-01-10T12:49:13","modified_gmt":"2024-01-10T11:49:13","slug":"program","status":"publish","type":"page","link":"https:\/\/nochta-saxcompetition.com\/en\/program\/","title":{"rendered":"Program"},"content":{"rendered":"<ul>\n<li>\n<h2><span style=\"color: #a10d59;\">1st Eliminatory Round \u2013 video preselection<\/span><\/h2>\n<\/li>\n<\/ul>\n<p><span style=\"color: #a10d59;\"><strong>Henri Tomasi: Concerto for Alto Saxophone and Orchestra, 1st movement <em>Andante et Allegro<\/em><\/strong><\/span><br \/>\nthe recording of the piece must be of good quality, recorded with a fixed camera, in one piece, and in one frame (the candidate must be clearly visible), without subsequent technical interventions; the recording has to be sent through the application form via a link from an unlisted video on YouTube<\/p>\n<p>&nbsp;<\/p>\n<ul>\n<li>\n<h2><span style=\"color: #a10d59;\">2nd Eliminatory Round<\/span><\/h2>\n<\/li>\n<\/ul>\n<p>Each Candidate performs two works in the following order:<\/p>\n<p><span style=\"color: #a10d59;\"><strong>C\u00e9sar Franck: Sonata in A major for violin and piano, 3rd movement <em>Ben moderato: Recitativo-Fantasia<\/em><\/strong><\/span><\/p>\n<p><span style=\"color: #a10d59;\"><strong>A work chosen from the following list:<\/strong><\/span><br \/>\nRoger Boutry: Divertimento (ed. Leduc)<br \/>\nAlfred Desenclos: Pr\u00e9lude, cadence et finale (ed. Leduc)<br \/>\nClaude Pascal: Sonatine (ed. Durand)<br \/>\nLucie Robert: Cadenza (ed. Billaudot)<br \/>\nPierre Sancan: Lamento et rondo (ed. Durand)<\/p>\n<p>&nbsp;<\/p>\n<ul>\n<li>\n<h2><span style=\"color: #a10d59;\">3rd Eliminatory Round &#8211; SEMI-FINAL ROUND<\/span><\/h2>\n<\/li>\n<\/ul>\n<p>Each Candidate performs three works in the in arbitrary order, with a maximum duration of 40 minutes:<\/p>\n<p><span style=\"color: #a10d59;\"><strong>\u0160imun Mati\u0161i\u0107: <em>Experiment on a theme by Eric Dolphy (Red Planet)\u00a0<\/em><\/strong><span style=\"color: #000000;\">&#8211; download PDF <a href=\"https:\/\/nochta-saxcompetition.com\/wp-content\/uploads\/2024\/01\/S.-Matisic-Experiment-on-the-theme-by-Eric-Dolphy.pdf\">here<\/a><\/span><\/span><\/p>\n<p><span style=\"color: #a10d59;\"><strong>A sonata chosen from the following list:<\/strong><\/span><br \/>\nWilliam Albright: Sonata (ed. Peters)<br \/>\nFernande Decruck: Sonata (ed. Billaudot)<br \/>\nEdison Denisov: Sonata (ed. Leduc)<br \/>\nJind\u0159ich Feld: Sonata for alto saxophone (ed. Leduc)<br \/>\nJeanine Rueff: Sonata for alto saxophone (ed. Leduc)<br \/>\nAn\u0111elko Klobu\u010dar: Sonata (ed. HDS)<br \/>\nGordan Tudor: Sonata<\/p>\n<p><span style=\"color: #a10d59;\"><strong>A work of Candidate&#8217;s choice (solo or piano acc.*)<\/strong><\/span><\/p>\n<p>* If the chosen work is one with piano accompaniment and the pianist, after having the score, comes to the conclusion that one rehearsal is insufficient for a quality performance, the Candidate will be asked to propose another work.<\/p>\n<p>&nbsp;<\/p>\n<ul>\n<li>\n<h2><span style=\"color: #a10d59;\">4th Round \u2013 FINAL ROUND<\/span><\/h2>\n<\/li>\n<\/ul>\n<p>Each Candidate performs two pieces with the Zagreb Philharmonic, conducted by Ivan Josip Skender, in the following order:<\/p>\n<p><span style=\"color: #a10d59;\"><strong>Tomislav Uhlik: Concerto \u2013 download PDF\u00a0<a style=\"color: #a10d59;\" href=\"https:\/\/nochta-saxcompetition.com\/wp-content\/uploads\/2023\/11\/Uhlik_Koncert-za-alt-saksofon_organized-1.pdf\"> here<\/a><\/strong><\/span><\/p>\n<p><span style=\"color: #a10d59;\"><strong>A concerto chosen from the following list:<\/strong><\/span><br \/>\nPavle De\u0161palj: Saxophone Concerto (ed. Splitsko filharmonijsko dru\u0161tvo; download PDF\u00a0<a href=\"https:\/\/nochta-saxcompetition.com\/wp-content\/uploads\/2023\/11\/Des\u030cpalj-koncert.pdf\"> here<\/a>)<br \/>\nAleksandar Glazunov: Saxophone Concerto (ed. Leduc\/B\u00e4renreiter, free choice cadenza)<br \/>\nJacques Ibert: Concertino da camera (ed. Leduc)<br \/>\nJeanine Rueff: Concertino (ed. Leduc)<\/p>\n","protected":false},"excerpt":{"rendered":"<p>1st Eliminatory Round \u2013 video preselection Henri Tomasi: Concerto for Alto Saxophone and Orchestra, 1st movement Andante et Allegro the recording of the piece must be of good quality, recorded with a fixed camera, in one piece, and &hellip;<\/p>\n","protected":false},"author":1,"featured_media":0,"parent":0,"menu_order":37,"comment_status":"closed","ping_status":"closed","template":"tpl-general.php","meta":{"footnotes":""},"acf":[],"yoast_head":"<!-- This site is optimized with the Yoast SEO plugin v21.5 - https:\/\/yoast.com\/wordpress\/plugins\/seo\/ -->\n<title>Program - Nochta Sax<\/title>\n<meta name=\"robots\" content=\"index, follow, max-snippet:-1, max-image-preview:large, max-video-preview:-1\" \/>\n<link rel=\"canonical\" href=\"https:\/\/nochta-saxcompetition.com\/en\/program\/\" \/>\n<meta property=\"og:locale\" content=\"en_US\" \/>\n<meta property=\"og:type\" content=\"article\" \/>\n<meta property=\"og:title\" content=\"Program - Nochta Sax\" \/>\n<meta property=\"og:description\" content=\"1st Eliminatory Round \u2013 video preselection Henri Tomasi: Concerto for Alto Saxophone and Orchestra, 1st movement Andante et Allegro the recording of the piece must be of good quality, recorded with a fixed camera, in one piece, and &hellip;\" \/>\n<meta property=\"og:url\" content=\"https:\/\/nochta-saxcompetition.com\/en\/program\/\" \/>\n<meta property=\"og:site_name\" content=\"Nochta Sax\" \/>\n<meta property=\"article:modified_time\" content=\"2024-01-10T11:49:13+00:00\" \/>\n<meta name=\"twitter:card\" content=\"summary_large_image\" \/>\n<meta name=\"twitter:label1\" content=\"Est. reading time\" \/>\n\t<meta name=\"twitter:data1\" content=\"2 minutes\" \/>\n<script type=\"application\/ld+json\" class=\"yoast-schema-graph\">{\"@context\":\"https:\/\/schema.org\",\"@graph\":[{\"@type\":\"WebPage\",\"@id\":\"https:\/\/nochta-saxcompetition.com\/en\/program\/\",\"url\":\"https:\/\/nochta-saxcompetition.com\/en\/program\/\",\"name\":\"Program - Nochta Sax\",\"isPartOf\":{\"@id\":\"https:\/\/nochta-saxcompetition.com\/en\/#website\"},\"datePublished\":\"2016-10-11T18:41:48+00:00\",\"dateModified\":\"2024-01-10T11:49:13+00:00\",\"breadcrumb\":{\"@id\":\"https:\/\/nochta-saxcompetition.com\/en\/program\/#breadcrumb\"},\"inLanguage\":\"en-US\",\"potentialAction\":[{\"@type\":\"ReadAction\",\"target\":[\"https:\/\/nochta-saxcompetition.com\/en\/program\/\"]}]},{\"@type\":\"BreadcrumbList\",\"@id\":\"https:\/\/nochta-saxcompetition.com\/en\/program\/#breadcrumb\",\"itemListElement\":[{\"@type\":\"ListItem\",\"position\":1,\"name\":\"Home\",\"item\":\"https:\/\/nochta-saxcompetition.com\/en\/\"},{\"@type\":\"ListItem\",\"position\":2,\"name\":\"Program\"}]},{\"@type\":\"WebSite\",\"@id\":\"https:\/\/nochta-saxcompetition.com\/en\/#website\",\"url\":\"https:\/\/nochta-saxcompetition.com\/en\/\",\"name\":\"Nochta Sax\",\"description\":\"4. me\u0111unarodno saksofonisti\u010dko natjecanje Josip Nochta\",\"potentialAction\":[{\"@type\":\"SearchAction\",\"target\":{\"@type\":\"EntryPoint\",\"urlTemplate\":\"https:\/\/nochta-saxcompetition.com\/en\/?s={search_term_string}\"},\"query-input\":\"required name=search_term_string\"}],\"inLanguage\":\"en-US\"}]}<\/script>\n<!-- \/ Yoast SEO plugin. -->","yoast_head_json":{"title":"Program - Nochta Sax","robots":{"index":"index","follow":"follow","max-snippet":"max-snippet:-1","max-image-preview":"max-image-preview:large","max-video-preview":"max-video-preview:-1"},"canonical":"https:\/\/nochta-saxcompetition.com\/en\/program\/","og_locale":"en_US","og_type":"article","og_title":"Program - Nochta Sax","og_description":"1st Eliminatory Round \u2013 video preselection Henri Tomasi: Concerto for Alto Saxophone and Orchestra, 1st movement Andante et Allegro the recording of the piece must be of good quality, recorded with a fixed camera, in one piece, and &hellip;","og_url":"https:\/\/nochta-saxcompetition.com\/en\/program\/","og_site_name":"Nochta Sax","article_modified_time":"2024-01-10T11:49:13+00:00","twitter_card":"summary_large_image","twitter_misc":{"Est. reading time":"2 minutes"},"schema":{"@context":"https:\/\/schema.org","@graph":[{"@type":"WebPage","@id":"https:\/\/nochta-saxcompetition.com\/en\/program\/","url":"https:\/\/nochta-saxcompetition.com\/en\/program\/","name":"Program - Nochta Sax","isPartOf":{"@id":"https:\/\/nochta-saxcompetition.com\/en\/#website"},"datePublished":"2016-10-11T18:41:48+00:00","dateModified":"2024-01-10T11:49:13+00:00","breadcrumb":{"@id":"https:\/\/nochta-saxcompetition.com\/en\/program\/#breadcrumb"},"inLanguage":"en-US","potentialAction":[{"@type":"ReadAction","target":["https:\/\/nochta-saxcompetition.com\/en\/program\/"]}]},{"@type":"BreadcrumbList","@id":"https:\/\/nochta-saxcompetition.com\/en\/program\/#breadcrumb","itemListElement":[{"@type":"ListItem","position":1,"name":"Home","item":"https:\/\/nochta-saxcompetition.com\/en\/"},{"@type":"ListItem","position":2,"name":"Program"}]},{"@type":"WebSite","@id":"https:\/\/nochta-saxcompetition.com\/en\/#website","url":"https:\/\/nochta-saxcompetition.com\/en\/","name":"Nochta Sax","description":"4. me\u0111unarodno saksofonisti\u010dko natjecanje Josip Nochta","potentialAction":[{"@type":"SearchAction","target":{"@type":"EntryPoint","urlTemplate":"https:\/\/nochta-saxcompetition.com\/en\/?s={search_term_string}"},"query-input":"required name=search_term_string"}],"inLanguage":"en-US"}]}},"_links":{"self":[{"href":"https:\/\/nochta-saxcompetition.com\/en\/wp-json\/wp\/v2\/pages\/357"}],"collection":[{"href":"https:\/\/nochta-saxcompetition.com\/en\/wp-json\/wp\/v2\/pages"}],"about":[{"href":"https:\/\/nochta-saxcompetition.com\/en\/wp-json\/wp\/v2\/types\/page"}],"author":[{"embeddable":true,"href":"https:\/\/nochta-saxcompetition.com\/en\/wp-json\/wp\/v2\/users\/1"}],"replies":[{"embeddable":true,"href":"https:\/\/nochta-saxcompetition.com\/en\/wp-json\/wp\/v2\/comments?post=357"}],"version-history":[{"count":33,"href":"https:\/\/nochta-saxcompetition.com\/en\/wp-json\/wp\/v2\/pages\/357\/revisions"}],"predecessor-version":[{"id":3038,"href":"https:\/\/nochta-saxcompetition.com\/en\/wp-json\/wp\/v2\/pages\/357\/revisions\/3038"}],"wp:attachment":[{"href":"https:\/\/nochta-saxcompetition.com\/en\/wp-json\/wp\/v2\/media?parent=357"}],"curies":[{"name":"wp","href":"https:\/\/api.w.org\/{rel}","templated":true}]}}