{"id":1709,"date":"2021-05-22T17:55:36","date_gmt":"2021-05-22T16:55:36","guid":{"rendered":"http:\/\/nochta-saxcompetition.com\/sluzbene-korepetitorice\/"},"modified":"2023-11-13T12:41:44","modified_gmt":"2023-11-13T11:41:44","slug":"official-pianists","status":"publish","type":"page","link":"https:\/\/nochta-saxcompetition.com\/en\/official-pianists\/","title":{"rendered":"Official Pianists"},"content":{"rendered":"<h2>Sae Lee<\/h2>\n<p><em><img loading=\"lazy\" decoding=\"async\" class=\"size-medium wp-image-2893 alignright\" src=\"https:\/\/nochta-saxcompetition.com\/wp-content\/uploads\/2021\/05\/Sae-Lee-Pic-1-300x184.jpg\" alt=\"\" width=\"300\" height=\"184\" srcset=\"https:\/\/nochta-saxcompetition.com\/wp-content\/uploads\/2021\/05\/Sae-Lee-Pic-1-300x184.jpg 300w, https:\/\/nochta-saxcompetition.com\/wp-content\/uploads\/2021\/05\/Sae-Lee-Pic-1-1024x628.jpg 1024w\" sizes=\"(max-width: 300px) 100vw, 300px\" \/>Sae Lee is one of the most sought-after collaborative pianists of her generation. Her ability to interact with other musicians with exceptional instrumental and artistic level captivate audiences.<\/em> (Mainich newspaper)<\/p>\n<p>After studying at the Toho Gakuen School of Music, continued her studies of Piano and Chamber music at the Conservatoire National Sup\u00e9rieur de Musique de Paris with Michel Beroff and Eric Le Sage where she graduated with highest honors<em>.\u00a0<\/em>She was a winner at many national and international competitions, including the International Piano Competition of Albert Roussel, the Carlo Soliva International chamber music competition, Fnapec International competition, and International Chamber Music Competition Cidade de Alcoba\u00e7a.<\/p>\n<p>She appeared at important festivals and events at major international concert stages throughout Europe and Asia, such as the Musikverein in Vienna, Salle Pleyel in Paris, Gallus Hall in Slovenia, NHK Osaka Hall in Japan. As soloist she performed with a number of orchestras worldwide including the\u00a0Sofia philharmonic, Kansai philharmonic and Slovenian philharmonic where she performed La Turangal\u00eela-Symphonie by Messiaen.<\/p>\n<p>As an active chamber musician, she performs frequently with Saxophonist Miha Rogina with whom they perform worldwide as the Duo Kalypso. She is also official collaborative pianist at international competitions such as the Vaclav Huml International Violin Competition, the International\u00a0Saxophone Competition SAXGO and the International Adolphe Sax Competition of Dinant.\u00a0Her collaboration is not only with musicians but also with well-known ballet dancers like Aur\u00e9lie Dupont (ex-director of Paris opera ballet) and Kevin O\u2019Hare (director of The Royale Ballet).<\/p>\n<p>In 2021 she qualified as an assistant professor for Chamber music and in 2022 an assistant professor for piano at the Academy of Music of the University of Ljubljana.<\/p>\n<p>&nbsp;<\/p>\n<h2>Ir\u00e8n Seleljo<\/h2>\n<p><img loading=\"lazy\" decoding=\"async\" class=\" wp-image-1704 alignleft\" src=\"http:\/\/nochta-saxcompetition.com\/ea\/wp-content\/uploads\/2021\/05\/Iren-Seleljo-photo-300x200.jpg\" alt=\"\" width=\"314\" height=\"209\" srcset=\"https:\/\/nochta-saxcompetition.com\/wp-content\/uploads\/2021\/05\/Iren-Seleljo-photo-300x200.jpg 300w, https:\/\/nochta-saxcompetition.com\/wp-content\/uploads\/2021\/05\/Iren-Seleljo-photo-1024x683.jpg 1024w\" sizes=\"(max-width: 314px) 100vw, 314px\" \/><\/p>\n<p>Ir\u00e8n Seleljo was born 1987 in Uzhgorod (Ukraine) and started to learn the piano under the tutelage of her mother, followed by the studies with Erzs\u00e8bet Bel\u00e0k at the St. Stephan Music-High School (Budapest). 2006-2011 she was studying at the Liszt Ferenc Academy of Music (Budapest) with Professors Attila N\u00e9methy and Istv\u00e1n Guly\u00e1s. In 2008 Ir\u00e9n spent a semester at the Bard College (USA), she had piano lessons with Prof. Jeremy Denk. She showed always a strong interest in chamber music, accompanied musicians in competitions, auditions and recitals. After she got the Master Degree at the Academy as a Soloist Performer and Teacher, she continued her studies (Instrumental Accompaniment) at the Konservatorium Wien Privatuniversit\u00e4t in the class of Prof. Denise Benda.<\/p>\n<p>Ir\u00e8n Seleljo is a requested chamber musician and plays regularly concerts with various instrumentalists. Her repertoire covers several classical music styles, however in the past years she developed a special attention to the contemporary music. Besides the concerts with her chamber music groups Duonarchie and Seleljo Duo, she performed as soloist and chamber music partner in prestigious festivals and recitals in Hungary, Austria, Spain, Slovenia, Italy, Rumania and Chile.\u00a0Since 2013 she is working as piano accompanist at the Kunstuniversit\u00e4t Graz\u00a0and at the Musik und Kunst Privatuniversit\u00e4t der Stadt Wien.<\/p>\n","protected":false},"excerpt":{"rendered":"<p>Sae Lee Sae Lee is one of the most sought-after collaborative pianists of her generation. Her ability to interact with other musicians with exceptional instrumental and artistic level captivate audiences. (Mainich newspaper) After studying at the Toho Gakuen &hellip;<\/p>\n","protected":false},"author":4,"featured_media":0,"parent":0,"menu_order":42,"comment_status":"closed","ping_status":"closed","template":"tpl-about.php","meta":{"footnotes":""},"acf":[],"yoast_head":"<!-- This site is optimized with the Yoast SEO plugin v21.5 - https:\/\/yoast.com\/wordpress\/plugins\/seo\/ -->\n<title>Official Pianists - Nochta Sax<\/title>\n<meta name=\"robots\" content=\"index, follow, max-snippet:-1, max-image-preview:large, max-video-preview:-1\" \/>\n<link rel=\"canonical\" href=\"https:\/\/nochta-saxcompetition.com\/en\/official-pianists\/\" \/>\n<meta property=\"og:locale\" content=\"en_US\" \/>\n<meta property=\"og:type\" content=\"article\" \/>\n<meta property=\"og:title\" content=\"Official Pianists - Nochta Sax\" \/>\n<meta property=\"og:description\" content=\"Sae Lee Sae Lee is one of the most sought-after collaborative pianists of her generation. Her ability to interact with other musicians with exceptional instrumental and artistic level captivate audiences. (Mainich newspaper) After studying at the Toho Gakuen &hellip;\" \/>\n<meta property=\"og:url\" content=\"https:\/\/nochta-saxcompetition.com\/en\/official-pianists\/\" \/>\n<meta property=\"og:site_name\" content=\"Nochta Sax\" \/>\n<meta property=\"article:modified_time\" content=\"2023-11-13T11:41:44+00:00\" \/>\n<meta property=\"og:image\" content=\"https:\/\/nochta-saxcompetition.com\/wp-content\/uploads\/2021\/05\/Sae-Lee-Pic-1-300x184.jpg\" \/>\n<meta name=\"twitter:card\" content=\"summary_large_image\" \/>\n<meta name=\"twitter:label1\" content=\"Est. reading time\" \/>\n\t<meta name=\"twitter:data1\" content=\"3 minutes\" \/>\n<script type=\"application\/ld+json\" class=\"yoast-schema-graph\">{\"@context\":\"https:\/\/schema.org\",\"@graph\":[{\"@type\":\"WebPage\",\"@id\":\"https:\/\/nochta-saxcompetition.com\/en\/official-pianists\/\",\"url\":\"https:\/\/nochta-saxcompetition.com\/en\/official-pianists\/\",\"name\":\"Official Pianists - Nochta Sax\",\"isPartOf\":{\"@id\":\"https:\/\/nochta-saxcompetition.com\/en\/#website\"},\"datePublished\":\"2021-05-22T16:55:36+00:00\",\"dateModified\":\"2023-11-13T11:41:44+00:00\",\"breadcrumb\":{\"@id\":\"https:\/\/nochta-saxcompetition.com\/en\/official-pianists\/#breadcrumb\"},\"inLanguage\":\"en-US\",\"potentialAction\":[{\"@type\":\"ReadAction\",\"target\":[\"https:\/\/nochta-saxcompetition.com\/en\/official-pianists\/\"]}]},{\"@type\":\"BreadcrumbList\",\"@id\":\"https:\/\/nochta-saxcompetition.com\/en\/official-pianists\/#breadcrumb\",\"itemListElement\":[{\"@type\":\"ListItem\",\"position\":1,\"name\":\"Home\",\"item\":\"https:\/\/nochta-saxcompetition.com\/en\/\"},{\"@type\":\"ListItem\",\"position\":2,\"name\":\"Official Pianists\"}]},{\"@type\":\"WebSite\",\"@id\":\"https:\/\/nochta-saxcompetition.com\/en\/#website\",\"url\":\"https:\/\/nochta-saxcompetition.com\/en\/\",\"name\":\"Nochta Sax\",\"description\":\"4. me\u0111unarodno saksofonisti\u010dko natjecanje Josip Nochta\",\"potentialAction\":[{\"@type\":\"SearchAction\",\"target\":{\"@type\":\"EntryPoint\",\"urlTemplate\":\"https:\/\/nochta-saxcompetition.com\/en\/?s={search_term_string}\"},\"query-input\":\"required name=search_term_string\"}],\"inLanguage\":\"en-US\"}]}<\/script>\n<!-- \/ Yoast SEO plugin. -->","yoast_head_json":{"title":"Official Pianists - Nochta Sax","robots":{"index":"index","follow":"follow","max-snippet":"max-snippet:-1","max-image-preview":"max-image-preview:large","max-video-preview":"max-video-preview:-1"},"canonical":"https:\/\/nochta-saxcompetition.com\/en\/official-pianists\/","og_locale":"en_US","og_type":"article","og_title":"Official Pianists - Nochta Sax","og_description":"Sae Lee Sae Lee is one of the most sought-after collaborative pianists of her generation. Her ability to interact with other musicians with exceptional instrumental and artistic level captivate audiences. (Mainich newspaper) After studying at the Toho Gakuen &hellip;","og_url":"https:\/\/nochta-saxcompetition.com\/en\/official-pianists\/","og_site_name":"Nochta Sax","article_modified_time":"2023-11-13T11:41:44+00:00","og_image":[{"url":"https:\/\/nochta-saxcompetition.com\/wp-content\/uploads\/2021\/05\/Sae-Lee-Pic-1-300x184.jpg"}],"twitter_card":"summary_large_image","twitter_misc":{"Est. reading time":"3 minutes"},"schema":{"@context":"https:\/\/schema.org","@graph":[{"@type":"WebPage","@id":"https:\/\/nochta-saxcompetition.com\/en\/official-pianists\/","url":"https:\/\/nochta-saxcompetition.com\/en\/official-pianists\/","name":"Official Pianists - Nochta Sax","isPartOf":{"@id":"https:\/\/nochta-saxcompetition.com\/en\/#website"},"datePublished":"2021-05-22T16:55:36+00:00","dateModified":"2023-11-13T11:41:44+00:00","breadcrumb":{"@id":"https:\/\/nochta-saxcompetition.com\/en\/official-pianists\/#breadcrumb"},"inLanguage":"en-US","potentialAction":[{"@type":"ReadAction","target":["https:\/\/nochta-saxcompetition.com\/en\/official-pianists\/"]}]},{"@type":"BreadcrumbList","@id":"https:\/\/nochta-saxcompetition.com\/en\/official-pianists\/#breadcrumb","itemListElement":[{"@type":"ListItem","position":1,"name":"Home","item":"https:\/\/nochta-saxcompetition.com\/en\/"},{"@type":"ListItem","position":2,"name":"Official Pianists"}]},{"@type":"WebSite","@id":"https:\/\/nochta-saxcompetition.com\/en\/#website","url":"https:\/\/nochta-saxcompetition.com\/en\/","name":"Nochta Sax","description":"4. me\u0111unarodno saksofonisti\u010dko natjecanje Josip Nochta","potentialAction":[{"@type":"SearchAction","target":{"@type":"EntryPoint","urlTemplate":"https:\/\/nochta-saxcompetition.com\/en\/?s={search_term_string}"},"query-input":"required name=search_term_string"}],"inLanguage":"en-US"}]}},"_links":{"self":[{"href":"https:\/\/nochta-saxcompetition.com\/en\/wp-json\/wp\/v2\/pages\/1709"}],"collection":[{"href":"https:\/\/nochta-saxcompetition.com\/en\/wp-json\/wp\/v2\/pages"}],"about":[{"href":"https:\/\/nochta-saxcompetition.com\/en\/wp-json\/wp\/v2\/types\/page"}],"author":[{"embeddable":true,"href":"https:\/\/nochta-saxcompetition.com\/en\/wp-json\/wp\/v2\/users\/4"}],"replies":[{"embeddable":true,"href":"https:\/\/nochta-saxcompetition.com\/en\/wp-json\/wp\/v2\/comments?post=1709"}],"version-history":[{"count":4,"href":"https:\/\/nochta-saxcompetition.com\/en\/wp-json\/wp\/v2\/pages\/1709\/revisions"}],"predecessor-version":[{"id":2962,"href":"https:\/\/nochta-saxcompetition.com\/en\/wp-json\/wp\/v2\/pages\/1709\/revisions\/2962"}],"wp:attachment":[{"href":"https:\/\/nochta-saxcompetition.com\/en\/wp-json\/wp\/v2\/media?parent=1709"}],"curies":[{"name":"wp","href":"https:\/\/api.w.org\/{rel}","templated":true}]}}